{"id":8145,"date":"2018-07-13T06:59:36","date_gmt":"2019-01-31T06:12:21","guid":{"rendered":"https:\/\/leadsnsales.fr\/produit\/ebook-automatisation-du-marketing\/"},"modified":"2019-04-01T00:02:03","modified_gmt":"2019-04-01T00:02:03","slug":"ebook-marketing-automation","status":"publish","type":"product","link":"https:\/\/leadsnsales.fr\/en\/produit\/ebook-marketing-automation\/","title":{"rendered":"eBook Marketing Automation"},"content":{"rendered":"<p>[et_pb_section bb_built=&#8221;1&#8243;][et_pb_row][et_pb_column type=&#8221;4_4&#8243;][et_pb_text _builder_version=&#8221;3.19.18&#8243;]<\/p>\n<h1>Automatisation du Marketing &#8211; Trois raisons pour t\u00e9l\u00e9charger l&#8217;e-book!<\/h1>\n<p>Voici trois raisons pour t\u00e9l\u00e9charger l&#8217;e-book sur l&#8217;automatisation du marketing et commencer \u00e0 vendre.<\/p>\n<ul>\n<li>Comprendre le concept.<\/li>\n<li>Gagner du temps dans la commercialisation gr\u00e2ce \u00e0 l&#8217;automatisation du marketing.<\/li>\n<li>Transformer rapidement vos prospects en clients.<\/li>\n<\/ul>\n<p><span id=\"result_box\" class=\"\" lang=\"en\">Demandez-vous comment vendre vos produits ou services?<br \/>\nAvez-vous un nouveau produit ou service \u00e0 vendre?<br \/>\nSouhaitez-vous vendre vos produits ou services ais\u00e9ment?<br \/>\nAvez-vous essay\u00e9 plusieurs techniques infructueuses pour commercialiser votre produit ou service?<br \/>\n<\/span><\/p>\n<p>Si vous r\u00e9pondez &#8220;oui&#8221; \u00e0 une de ces questions, je suis s\u00fbr que vous n&#8217;avez pas utilis\u00e9 l&#8217;automatisation du marketing. Cette technique est la plus efficace en ce moment. De plus, c&#8217;est la seule fa\u00e7on de b\u00e2tir une relation saine avec vos clients, depuis leur acquisition jusqu&#8217;\u00e0 la fid\u00e9lisation.<\/p>\n<p>L&#8217;automatisation du marketing intervient dans les processus de cr\u00e9ation de la relation pour gagner des clients, puis dans celui du d\u00e9veloppement des ventes pour accro\u00eetre votre chiffre d&#8217;affaires et enfin dans la fid\u00e9lisation des clients, pour rester en contact avec eux et continuer \u00e0 les aider et les surprendre.<\/p>\n<p>Vous trouverez en d\u00e9tail, la d\u00e9finition, ce qu&#8217;il faut savoir avant de vous lancer dans l&#8217;automatisation du marketing, vous apprendrez \u00e0 lever tous les freins \u00e0 l&#8217;utilisation de l&#8217;automatisation du marketing, comment vous pr\u00e9parer \u00e0 l&#8217;int\u00e9gration et bien d&#8217;autres sujets tr\u00e8s int\u00e9ressants sur le sujet.<br \/>\nVous pouvez aussi opter pour la formation sur l&#8217;automatisation du marketing, dans ce cas, surveillez votre email, le lien vous sera envoy\u00e9, apr\u00e8s le t\u00e9l\u00e9chargement de l&#8217;ebook gratuit.<\/p>\n<p>[\/et_pb_text][\/et_pb_column][\/et_pb_row][\/et_pb_section]<\/p>\n","protected":false},"excerpt":{"rendered":"<p>Here are three reasons to download the e-book on marketing automation and start selling.<\/p>\n<ul>\n<li><strong>Understand the concept.<\/strong><\/li>\n<li><strong>Save time in marketing through marketing automation.<\/strong><\/li>\n<li><strong>Quickly turn your prospects into customers.<a id=\"popup3\" class=\"text\" href=\"https:\/\/leadsnsales.fr\/produit\/ebook-automatisation-du-marketing\/#\" rel=\"nofollow\">Read More<\/a><\/strong><\/li>\n<\/ul>\n","protected":false},"featured_media":2388,"comment_status":"open","ping_status":"closed","template":"","meta":{"_et_pb_use_builder":"on","_et_pb_old_content":"Utilisez-vous l'automtisation du marketing pour gagner des clients?\r\n\r\nMais, qu'est-ce que l\u2019automatisation du marketing?\r\n\r\nL'automatisation du marketing repose sur un logiciel d\u2019automatisation des processus de marketing. Ce logiciel ex\u00e9cute vos t\u00e2ches marketing et il vous permet ainsi, d\u2019\u00e9conomiser du temps et de l\u2019argent. En effet, l\u2019ensemble de la partie op\u00e9rationnelle est pr\u00e9par\u00e9e et ex\u00e9cut\u00e9e automatiquement. Toutes les entreprises en ont besoin pour r\u00e9ussir. Pour en savoir plus t\u00e9l\u00e9chargez-l'eBook.","_et_gb_content_width":"","_uag_custom_page_level_css":""},"product_brand":[],"product_cat":[2053,2052],"product_tag":[2103],"class_list":{"0":"post-8145","1":"product","2":"type-product","3":"status-publish","4":"has-post-thumbnail","6":"product_cat-marketing-automatisation","7":"product_cat-win-customers","8":"product_tag-automatisation-du-marketing-en","9":"post","11":"first","12":"instock","13":"sale","14":"downloadable","15":"virtual","16":"purchasable","17":"product-type-simple"},"uagb_featured_image_src":{"full":["https:\/\/leadsnsales.fr\/wp-content\/uploads\/edd\/2018\/12\/sutomasition.jpg",526,607,false],"thumbnail":["https:\/\/leadsnsales.fr\/wp-content\/uploads\/edd\/2018\/12\/sutomasition-150x150.jpg",150,150,true],"medium":["https:\/\/leadsnsales.fr\/wp-content\/uploads\/edd\/2018\/12\/sutomasition-260x300.jpg",260,300,true],"medium_large":["https:\/\/leadsnsales.fr\/wp-content\/uploads\/edd\/2018\/12\/sutomasition.jpg",526,607,false],"large":["https:\/\/leadsnsales.fr\/wp-content\/uploads\/edd\/2018\/12\/sutomasition.jpg",526,607,false],"course_archive_thumbnail":["https:\/\/leadsnsales.fr\/wp-content\/uploads\/edd\/2018\/12\/sutomasition.jpg",87,100,false],"course_single_thumbnail":["https:\/\/leadsnsales.fr\/wp-content\/uploads\/edd\/2018\/12\/sutomasition.jpg",87,100,false],"lesson_archive_thumbnail":["https:\/\/leadsnsales.fr\/wp-content\/uploads\/edd\/2018\/12\/sutomasition.jpg",87,100,false],"lesson_single_thumbnail":["https:\/\/leadsnsales.fr\/wp-content\/uploads\/edd\/2018\/12\/sutomasition.jpg",87,100,false],"1536x1536":["https:\/\/leadsnsales.fr\/wp-content\/uploads\/edd\/2018\/12\/sutomasition.jpg",526,607,false],"2048x2048":["https:\/\/leadsnsales.fr\/wp-content\/uploads\/edd\/2018\/12\/sutomasition.jpg",526,607,false],"et-pb-post-main-image":["https:\/\/leadsnsales.fr\/wp-content\/uploads\/edd\/2018\/12\/sutomasition.jpg",217,250,false],"et-pb-post-main-image-fullwidth":["https:\/\/leadsnsales.fr\/wp-content\/uploads\/edd\/2018\/12\/sutomasition.jpg",526,607,false],"et-pb-portfolio-image":["https:\/\/leadsnsales.fr\/wp-content\/uploads\/edd\/2018\/12\/sutomasition.jpg",246,284,false],"et-pb-portfolio-module-image":["https:\/\/leadsnsales.fr\/wp-content\/uploads\/edd\/2018\/12\/sutomasition.jpg",331,382,false],"et-pb-portfolio-image-single":["https:\/\/leadsnsales.fr\/wp-content\/uploads\/edd\/2018\/12\/sutomasition.jpg",526,607,false],"et-pb-gallery-module-image-portrait":["https:\/\/leadsnsales.fr\/wp-content\/uploads\/edd\/2018\/12\/sutomasition.jpg",400,462,false],"et-pb-post-main-image-fullwidth-large":["https:\/\/leadsnsales.fr\/wp-content\/uploads\/edd\/2018\/12\/sutomasition.jpg",526,607,false],"gform-image-choice-sm":["https:\/\/leadsnsales.fr\/wp-content\/uploads\/edd\/2018\/12\/sutomasition.jpg",260,300,false],"gform-image-choice-md":["https:\/\/leadsnsales.fr\/wp-content\/uploads\/edd\/2018\/12\/sutomasition.jpg",347,400,false],"gform-image-choice-lg":["https:\/\/leadsnsales.fr\/wp-content\/uploads\/edd\/2018\/12\/sutomasition.jpg",520,600,false],"woocommerce_thumbnail":["https:\/\/leadsnsales.fr\/wp-content\/uploads\/edd\/2018\/12\/sutomasition-300x300.jpg",300,300,true],"woocommerce_single":["https:\/\/leadsnsales.fr\/wp-content\/uploads\/edd\/2018\/12\/sutomasition.jpg",526,607,false],"woocommerce_gallery_thumbnail":["https:\/\/leadsnsales.fr\/wp-content\/uploads\/edd\/2018\/12\/sutomasition-100x100.jpg",100,100,true]},"uagb_author_info":{"display_name":"Customer Service","author_link":"https:\/\/leadsnsales.fr\/en\/author\/"},"uagb_comment_info":0,"uagb_excerpt":"Here are three reasons to download the e-book on marketing automation and start selling. Understand the concept. Save time in marketing through marketing automation. Quickly turn your prospects into customers.Read More","_links":{"self":[{"href":"https:\/\/leadsnsales.fr\/en\/wp-json\/wp\/v2\/product\/8145","targetHints":{"allow":["GET"]}}],"collection":[{"href":"https:\/\/leadsnsales.fr\/en\/wp-json\/wp\/v2\/product"}],"about":[{"href":"https:\/\/leadsnsales.fr\/en\/wp-json\/wp\/v2\/types\/product"}],"replies":[{"embeddable":true,"href":"https:\/\/leadsnsales.fr\/en\/wp-json\/wp\/v2\/comments?post=8145"}],"wp:featuredmedia":[{"embeddable":true,"href":"https:\/\/leadsnsales.fr\/en\/wp-json\/wp\/v2\/media\/2388"}],"wp:attachment":[{"href":"https:\/\/leadsnsales.fr\/en\/wp-json\/wp\/v2\/media?parent=8145"}],"wp:term":[{"taxonomy":"product_brand","embeddable":true,"href":"https:\/\/leadsnsales.fr\/en\/wp-json\/wp\/v2\/product_brand?post=8145"},{"taxonomy":"product_cat","embeddable":true,"href":"https:\/\/leadsnsales.fr\/en\/wp-json\/wp\/v2\/product_cat?post=8145"},{"taxonomy":"product_tag","embeddable":true,"href":"https:\/\/leadsnsales.fr\/en\/wp-json\/wp\/v2\/product_tag?post=8145"}],"curies":[{"name":"wp","href":"https:\/\/api.w.org\/{rel}","templated":true}]}}