{"id":8143,"date":"2019-01-23T15:13:04","date_gmt":"2019-01-31T06:09:17","guid":{"rendered":"https:\/\/leadsnsales.fr\/produit\/definition-dentreprise-vision-mission-valeurs-accelerer-vos-ventes\/"},"modified":"2019-02-18T10:09:26","modified_gmt":"2019-02-18T10:09:26","slug":"business-definition","status":"publish","type":"product","link":"https:\/\/leadsnsales.fr\/en\/produit\/business-definition\/","title":{"rendered":"Business Definition: Vision, Mission, Values &#8211; Accelerate Your Sales"},"content":{"rendered":"<h1><span class=\"tlid-translation translation\"><span class=\"\" title=\"\">Business Definition: Vision, Mission, Values &#8211; Accelerate Your Sales<\/span><\/span><\/h1>\n<p><span class=\"tlid-translation translation\">This e-Book on Business Definition addresses the vision, mission and values of a business.<\/span><\/p>\n<ul>\n<li><span class=\"tlid-translation translation\">Do you have difficulty launching your product or service?<\/span><\/li>\n<li><span class=\"tlid-translation translation\">Would you like to know where to start in your business creation project?<\/span><\/li>\n<li><span class=\"tlid-translation translation\">Do you want your business to triumph in its field?<\/span><\/li>\n<li><span class=\"tlid-translation translation\">How to find your way or make the right start?<br \/>\n<\/span><\/li>\n<\/ul>\n<p><span class=\"tlid-translation translation\"><br \/>\nThe answers to these questions appear in the company definition: Vision, Mission and Values, you will find the practical essentials in this ebook.<br \/>\nConcretely, you will address: the definition on these three pillars of the company. Then the necessary information about the company definition: vision, mission and value. You understand the importance of these three elements for the development of your business. You will also learn to define and use these essential elements (vision, mission and values) for your business.<\/span><\/p>\n<p>In addition to all this the ebook, allows you to dominate your competition!<\/p>\n<p>Many worksheets help you follow the step-by-step process to create, verify and test your vision and mission values. Then you define your action plan.<br \/>\nHere is a complete e-Book that reveals the keys to success. A way to gain confidence in your potential and grow your business serenely.<\/p>\n<p>&nbsp;<\/p>\n","protected":false},"excerpt":{"rendered":"<p>Cet e-Book sur la d\u00e9finition d&#8217;entreprise aborde la vision, la mission et les valeurs d&#8217;une entreprise.<\/p>\n<ul>\n<li><strong>Avez-vous des difficult\u00e9s \u00e0 lancer votre produit ou service\u00a0?<\/strong><\/li>\n<li><strong>Aimeriez-vous savoir par o\u00f9 commencer dans votre projet de cr\u00e9ation d\u2019entreprise\u00a0?<\/strong><\/li>\n<li><strong>Voulez-vous que votre entreprise triomphe dans son domaine\u00a0?<\/strong><\/li>\n<li><strong>Comment trouver son chemin ou prendre le bon d\u00e9part ?<\/strong><\/li>\n<\/ul>\n<p>Les r\u00e9ponses \u00e0 ces questions figurent dans la d\u00e9finition d&#8217;entreprise: Vision, mission et valeurs. Avec plusieurs exercices pratiques.<\/p>\n","protected":false},"featured_media":8873,"comment_status":"closed","ping_status":"closed","template":"","meta":{"_et_pb_use_builder":"on","_et_pb_old_content":"[three_fourth_last]\r\n<h1>D\u00e9finition d'entreprise : Vision, Mission, Valeurs - acc\u00e9l\u00e9rer vos ventes<\/h1>\r\n<iframe src=\"https:\/\/www.youtube.com\/embed\/DEtgc_Sp0n0\" width=\"640\" height=\"385\" frameborder=\"0\" allowfullscreen=\"allowfullscreen\"><\/iframe>\r\n\r\nCet e-Book sur la d\u00e9finition d'entreprise aborde la vision, la mission et les valeurs d'une entreprise.\r\n<ul>\r\n \t<li>Avez-vous des difficult\u00e9s \u00e0 lancer votre produit ou service\u00a0?<\/li>\r\n \t<li>Aimeriez-vous savoir par o\u00f9 commencer dans votre projet de cr\u00e9ation d\u2019entreprise\u00a0?<\/li>\r\n \t<li>Voulez-vous que votre entreprise triomphe dans son domaine\u00a0?<\/li>\r\n \t<li>Comment trouver son chemin ou prendre le bon d\u00e9part ?<\/li>\r\n<\/ul>\r\nLes r\u00e9ponses \u00e0 ces questions figurent dans la d\u00e9finition d'entreprise: Vision, mission et valeurs, vous trouverez l'essentiel pratique dans cet ebook.\r\nConcr\u00e8tement, vous aborderez: la d\u00e9finition sur ces trois piliers de l'entreprise. Puis les informations n\u00e9cessaires sur la d\u00e9finition d'entreprise : vision, la mission et les valeur. Vous comprenez l'importance de ces trois \u00e9l\u00e9ments pour le d\u00e9veloppement de votre entreprise. Vous apprendrez aussi \u00e0 d\u00e9finir et \u00e0 utiliser ces \u00e9l\u00e9ments essentiels (vision, mission et valeurs) pour votre entreprise.\r\n\r\nEn plus de tout cela l\u2019ebook, vous permet de dominer votre concurrence\u00a0!\r\n\r\nDe nombreuses fiches de travail vous aident \u00e0 suivre le processus \u00e9tape par \u00e9tape pour cr\u00e9er, v\u00e9rifier et tester votre vision et vos valeurs de mission. Ensuite, vous d\u00e9finissez votre plan d'action.\r\nVoici un e-Book complet qui vous r\u00e9v\u00e8le les cl\u00e9s du succ\u00e8s. Un moyen de prendre confiance en votre potentiel et de d\u00e9velopper votre entreprise sereinement.","_et_gb_content_width":"","_uag_custom_page_level_css":""},"product_brand":[],"product_cat":[2054,2052],"product_tag":[2107,2105,2106,2104],"class_list":{"0":"post-8143","1":"product","2":"type-product","3":"status-publish","4":"has-post-thumbnail","6":"product_cat-business-strategy","7":"product_cat-win-customers","8":"product_tag-entreprise-en","9":"product_tag-mission-en","10":"product_tag-valeurs-en","11":"product_tag-vision-en","12":"post","14":"first","15":"instock","16":"sale","17":"downloadable","18":"virtual","19":"purchasable","20":"product-type-simple"},"uagb_featured_image_src":{"full":["https:\/\/leadsnsales.fr\/wp-content\/uploads\/2019\/02\/3D-EN_Business-Definition_Vision-Mision-Value4-1.jpg",526,757,false],"thumbnail":["https:\/\/leadsnsales.fr\/wp-content\/uploads\/2019\/02\/3D-EN_Business-Definition_Vision-Mision-Value4-1-150x150.jpg",150,150,true],"medium":["https:\/\/leadsnsales.fr\/wp-content\/uploads\/2019\/02\/3D-EN_Business-Definition_Vision-Mision-Value4-1-208x300.jpg",208,300,true],"medium_large":["https:\/\/leadsnsales.fr\/wp-content\/uploads\/2019\/02\/3D-EN_Business-Definition_Vision-Mision-Value4-1.jpg",526,757,false],"large":["https:\/\/leadsnsales.fr\/wp-content\/uploads\/2019\/02\/3D-EN_Business-Definition_Vision-Mision-Value4-1.jpg",526,757,false],"course_archive_thumbnail":["https:\/\/leadsnsales.fr\/wp-content\/uploads\/2019\/02\/3D-EN_Business-Definition_Vision-Mision-Value4-1.jpg",69,100,false],"course_single_thumbnail":["https:\/\/leadsnsales.fr\/wp-content\/uploads\/2019\/02\/3D-EN_Business-Definition_Vision-Mision-Value4-1.jpg",69,100,false],"lesson_archive_thumbnail":["https:\/\/leadsnsales.fr\/wp-content\/uploads\/2019\/02\/3D-EN_Business-Definition_Vision-Mision-Value4-1.jpg",69,100,false],"lesson_single_thumbnail":["https:\/\/leadsnsales.fr\/wp-content\/uploads\/2019\/02\/3D-EN_Business-Definition_Vision-Mision-Value4-1.jpg",69,100,false],"1536x1536":["https:\/\/leadsnsales.fr\/wp-content\/uploads\/2019\/02\/3D-EN_Business-Definition_Vision-Mision-Value4-1.jpg",526,757,false],"2048x2048":["https:\/\/leadsnsales.fr\/wp-content\/uploads\/2019\/02\/3D-EN_Business-Definition_Vision-Mision-Value4-1.jpg",526,757,false],"et-pb-post-main-image":["https:\/\/leadsnsales.fr\/wp-content\/uploads\/2019\/02\/3D-EN_Business-Definition_Vision-Mision-Value4-1-400x250.jpg",400,250,true],"et-pb-post-main-image-fullwidth":["https:\/\/leadsnsales.fr\/wp-content\/uploads\/2019\/02\/3D-EN_Business-Definition_Vision-Mision-Value4-1-526x675.jpg",526,675,true],"et-pb-portfolio-image":["https:\/\/leadsnsales.fr\/wp-content\/uploads\/2019\/02\/3D-EN_Business-Definition_Vision-Mision-Value4-1-400x284.jpg",400,284,true],"et-pb-portfolio-module-image":["https:\/\/leadsnsales.fr\/wp-content\/uploads\/2019\/02\/3D-EN_Business-Definition_Vision-Mision-Value4-1-510x382.jpg",510,382,true],"et-pb-portfolio-image-single":["https:\/\/leadsnsales.fr\/wp-content\/uploads\/2019\/02\/3D-EN_Business-Definition_Vision-Mision-Value4-1.jpg",526,757,false],"et-pb-gallery-module-image-portrait":["https:\/\/leadsnsales.fr\/wp-content\/uploads\/2019\/02\/3D-EN_Business-Definition_Vision-Mision-Value4-1-400x516.jpg",400,516,true],"et-pb-post-main-image-fullwidth-large":["https:\/\/leadsnsales.fr\/wp-content\/uploads\/2019\/02\/3D-EN_Business-Definition_Vision-Mision-Value4-1.jpg",526,757,false],"gform-image-choice-sm":["https:\/\/leadsnsales.fr\/wp-content\/uploads\/2019\/02\/3D-EN_Business-Definition_Vision-Mision-Value4-1.jpg",208,300,false],"gform-image-choice-md":["https:\/\/leadsnsales.fr\/wp-content\/uploads\/2019\/02\/3D-EN_Business-Definition_Vision-Mision-Value4-1.jpg",278,400,false],"gform-image-choice-lg":["https:\/\/leadsnsales.fr\/wp-content\/uploads\/2019\/02\/3D-EN_Business-Definition_Vision-Mision-Value4-1.jpg",417,600,false],"woocommerce_thumbnail":["https:\/\/leadsnsales.fr\/wp-content\/uploads\/2019\/02\/3D-EN_Business-Definition_Vision-Mision-Value4-1-300x300.jpg",300,300,true],"woocommerce_single":["https:\/\/leadsnsales.fr\/wp-content\/uploads\/2019\/02\/3D-EN_Business-Definition_Vision-Mision-Value4-1.jpg",526,757,false],"woocommerce_gallery_thumbnail":["https:\/\/leadsnsales.fr\/wp-content\/uploads\/2019\/02\/3D-EN_Business-Definition_Vision-Mision-Value4-1-100x100.jpg",100,100,true]},"uagb_author_info":{"display_name":"Aiia Dsilva","author_link":"https:\/\/leadsnsales.fr\/en\/author\/"},"uagb_comment_info":0,"uagb_excerpt":"Cet e-Book sur la d\u00e9finition d'entreprise aborde la vision, la mission et les valeurs d'une entreprise. Avez-vous des difficult\u00e9s \u00e0 lancer votre produit ou service\u00a0? Aimeriez-vous savoir par o\u00f9 commencer dans votre projet de cr\u00e9ation d\u2019entreprise\u00a0? Voulez-vous que votre entreprise triomphe dans son domaine\u00a0? Comment trouver son chemin ou prendre le bon d\u00e9part ? Les&hellip;","_links":{"self":[{"href":"https:\/\/leadsnsales.fr\/en\/wp-json\/wp\/v2\/product\/8143","targetHints":{"allow":["GET"]}}],"collection":[{"href":"https:\/\/leadsnsales.fr\/en\/wp-json\/wp\/v2\/product"}],"about":[{"href":"https:\/\/leadsnsales.fr\/en\/wp-json\/wp\/v2\/types\/product"}],"replies":[{"embeddable":true,"href":"https:\/\/leadsnsales.fr\/en\/wp-json\/wp\/v2\/comments?post=8143"}],"wp:featuredmedia":[{"embeddable":true,"href":"https:\/\/leadsnsales.fr\/en\/wp-json\/wp\/v2\/media\/8873"}],"wp:attachment":[{"href":"https:\/\/leadsnsales.fr\/en\/wp-json\/wp\/v2\/media?parent=8143"}],"wp:term":[{"taxonomy":"product_brand","embeddable":true,"href":"https:\/\/leadsnsales.fr\/en\/wp-json\/wp\/v2\/product_brand?post=8143"},{"taxonomy":"product_cat","embeddable":true,"href":"https:\/\/leadsnsales.fr\/en\/wp-json\/wp\/v2\/product_cat?post=8143"},{"taxonomy":"product_tag","embeddable":true,"href":"https:\/\/leadsnsales.fr\/en\/wp-json\/wp\/v2\/product_tag?post=8143"}],"curies":[{"name":"wp","href":"https:\/\/api.w.org\/{rel}","templated":true}]}}