{"id":1837,"date":"2018-09-20T06:53:10","date_gmt":"2018-09-20T06:53:10","guid":{"rendered":"https:\/\/leadsnsales.fr\/order\/"},"modified":"2018-09-20T06:53:10","modified_gmt":"2018-09-20T06:53:10","slug":"order","status":"publish","type":"page","link":"https:\/\/leadsnsales.fr\/en\/order\/","title":{"rendered":"Order"},"content":{"rendered":"<style type=\"text\/css\"><\/style>\n<section class=\"kc-elm kc-css-3337449 kc_row\">\n<div class=\"kc-row-container  kc-container\">\n<div class=\"kc-wrap-columns\">\n<div class=\"kc-elm kc-css-522794 kc_col-sm-12 kc_column kc_col-sm-12\">\n<div class=\"kc-col-container\">\n<div class=\"kc-elm kc-css-3585717 kc-raw-code\">\n<div id=\"edd_checkout_wrap\">\n<form id=\"edd_checkout_cart_form\" method=\"post\">\n<div id=\"edd_checkout_cart_wrap\">\n<table id=\"edd_checkout_cart\" class=\"ajaxed\">\n<thead>\n<tr class=\"edd_cart_header_row\">\n<th class=\"edd_cart_item_name\">Nom de l\u2019article<\/th>\n<th class=\"edd_cart_item_price\">Prix unitaire<\/th>\n<th class=\"edd_cart_actions\">Actions<\/th>\n<\/tr>\n<\/thead>\n<tbody>\n<tr class=\"edd_cart_item\" id=\"edd_cart_item_0_1107\" data-download-id=\"1107\">\n<td class=\"edd_cart_item_name\">\n\t\t\t\t\t\t<span class=\"edd_checkout_cart_item_title\">Automatisation du Marketing<\/span>\t\t\t\t\t<\/td>\n<td class=\"edd_cart_item_price\">\n\t\t\t\t\t\t$19.90\t\t\t\t\t<\/td>\n<td class=\"edd_cart_actions\">\n\t\t\t\t\t\t\t\t\t\t\t\t\t\t\t\t\t\t<a class=\"edd_cart_remove_item_btn\" href=\"https:\/\/leadsnsales.fr\/?cart_item=0&#038;edd_action=remove&#038;nocache=true&#038;edd_remove_from_cart_nonce=03b1579342\">Supprimer<\/a>\n\t\t\t\t\t<\/td>\n<\/tr>\n<p>\t\t\t\t\t\t\t\t\t<!-- Show any cart fees, both positive and negative fees --><\/p>\n<\/tbody>\n<tfoot>\n<tr class=\"edd_cart_footer_row edd_cart_discount_row\"  style=\"display:none;\">\n<th colspan=\"3\" class=\"edd_cart_discount\">\n\t\t\t\t\t\t\t<\/th>\n<\/tr>\n<tr class=\"edd_cart_footer_row\">\n<th colspan=\"3\" class=\"edd_cart_total\">Total\u00a0\u00a0: <span class=\"edd_cart_amount\" data-subtotal=\"19.9\" data-total=\"19.9\">$19.90<\/span><\/th>\n<\/tr>\n<\/tfoot>\n<\/table>\n<\/div>\n<\/form>\n<div id=\"edd_checkout_form_wrap\" class=\"edd_clearfix\">\n<form id=\"edd_purchase_form\" class=\"edd_form\" action=\"https:\/\/leadsnsales.fr\/commande-2\/?payment-mode=paypal\" method=\"POST\">\n<div class=\"edd-payment-icons\"><img decoding=\"async\" class=\"payment-icon\" src=\"https:\/\/leadsnsales.fr\/wp-content\/plugins\/easy-digital-downloads\/templates\/images\/icons\/mastercard.png\"\/><img decoding=\"async\" class=\"payment-icon\" src=\"https:\/\/leadsnsales.fr\/wp-content\/plugins\/easy-digital-downloads\/templates\/images\/icons\/visa.png\"\/><img decoding=\"async\" class=\"payment-icon\" src=\"https:\/\/leadsnsales.fr\/wp-content\/plugins\/easy-digital-downloads\/templates\/images\/icons\/americanexpress.png\"\/><img decoding=\"async\" class=\"payment-icon\" src=\"https:\/\/leadsnsales.fr\/wp-content\/plugins\/easy-digital-downloads\/templates\/images\/icons\/paypal.png\"\/><\/div>\n<p>\t<script type=\"text\/javascript\">\n\t\tjQuery(document).ready(function($){\n\t\t\t$( document.body ).on('click', '.edd_terms_links', function(e) {\n\t\t\t\t\/\/e.preventDefault();\n\t\t\t\t$(this).parent().prev('.edd-terms').slideToggle();\n\t\t\t\t$(this).parent().find('.edd_terms_links').toggle();\n\t\t\t\treturn false;\n\t\t\t});\n\t\t});\n\t<\/script><\/p>\n<fieldset id=\"edd_checkout_user_info\">\n<legend>Informations personnelles<\/legend>\n<p id=\"edd-email-wrap\">\n\t\t\t<label class=\"edd-label\" for=\"edd-email\"><br \/>\n\t\t\t\tAdresse e-mail\t\t\t\t\t\t\t\t\t<span class=\"edd-required-indicator\">*<\/span><br \/>\n\t\t\t\t\t\t\t<\/label><br \/>\n\t\t\t<span class=\"edd-description\" id=\"edd-email-description\">Le re\u00e7u d\u2019achat sera envoy\u00e9 \u00e0 cette adresse.<\/span><br \/>\n\t\t\t<input class=\"edd-input required\" type=\"email\" name=\"edd_email\" placeholder=\"Adresse e-mail\" id=\"edd-email\" value=\"jeannivev@gmail.com\" aria-describedby=\"edd-email-description\" required \/>\n\t\t<\/p>\n<p id=\"edd-first-name-wrap\">\n\t\t\t<label class=\"edd-label\" for=\"edd-first\"><br \/>\n\t\t\t\tPr\u00e9nom\t\t\t\t\t\t\t\t\t<span class=\"edd-required-indicator\">*<\/span><br \/>\n\t\t\t\t\t\t\t<\/label><br \/>\n\t\t\t<span class=\"edd-description\" id=\"edd-first-description\">Nous l\u2019utiliserons pour personnaliser votre compte.<\/span><br \/>\n\t\t\t<input class=\"edd-input required\" type=\"text\" name=\"edd_first\" placeholder=\"Pr\u00e9nom\" id=\"edd-first\" value=\"Jeannivev\" required  aria-describedby=\"edd-first-description\" \/>\n\t\t<\/p>\n<p id=\"edd-last-name-wrap\">\n\t\t\t<label class=\"edd-label\" for=\"edd-last\"><br \/>\n\t\t\t\tNom\t\t\t\t\t\t\t<\/label><br \/>\n\t\t\t<span class=\"edd-description\" id=\"edd-last-description\">Nous l\u2019utiliserons aussi pour personnaliser votre compte.<\/span><br \/>\n\t\t\t<input class=\"edd-input\" type=\"text\" name=\"edd_last\" id=\"edd-last\" placeholder=\"Nom\" value=\"De mayo\" aria-describedby=\"edd-last-description\"\/>\n\t\t<\/p>\n<\/fieldset>\n<fieldset id=\"edd_purchase_submit\">\n<fieldset id=\"edd-privacy-policy-agreement\">\n<div id=\"edd-privacy-policy\" class=\"edd-terms\" style=\"display:none;\">\n<ul>\n<li><!-- ATOSPP version: 2.1.6, my_privacy_policy --><br \/>\n<h2 id='atospp-privacy' class='auto-tos-pp ppheading'>Privacy Policy:<\/h2>\n<p>Win Leads and Grow Sales company (&#8220;<strong>Win Leads and Grow Sales<\/strong>&#8220;)<br \/>\n        operates winleadsandgrowsales.fr and may operate other websites. It<br \/>\n        is Win Leads and Grow Sales&#8217;s policy to respect your privacy regarding any information we may collect<br \/>\n        while operating our websites.<\/p>\n<h3>Website Visitors<\/h3>\n<p>Like most website operators, Win Leads and Grow Sales collects non-personally-identifying information of the<br \/>\n        sort that web browsers and servers typically make available, such as the browser type, language preference,<br \/>\n        referring site, and the date and time of each visitor request. Win Leads and Grow Sales&#8217;s purpose in<br \/>\n        collecting non-personally identifying information is to better understand<br \/>\n        how Win Leads and Grow Sales&#8217;s visitors use its website. From time to<br \/>\n        time, Win Leads and Grow Sales may release non-personally-identifying information in the aggregate, e.g., by<br \/>\n        publishing a report on trends in the usage of its website.<\/p>\n<p>Win Leads and Grow Sales also collects potentially personally-identifying information like Internet Protocol<br \/>\n        (IP) addresses for logged in users and for users leaving comments on winleadsandgrowsales.fr        blogs\/sites. Win Leads and Grow Sales only discloses logged in user and commenter IP addresses under the same<br \/>\n        circumstances that it uses and discloses personally-identifying information as described below, except that<br \/>\n        commenter IP addresses and email addresses are visible and disclosed to the administrators of the blog\/site<br \/>\n        where the comment was left.<\/p>\n<h3>Gathering of Personally-Identifying Information<\/h3>\n<p>Certain visitors to Win Leads and Grow Sales&#8217;s websites choose to interact<br \/>\n        with Win Leads and Grow Sales in ways that require Win Leads and Grow Sales to gather<br \/>\n        personally-identifying information. The amount and type of information that Win Leads and Grow Sales gathers<br \/>\n        depends on the nature of the interaction. For example, we ask visitors who sign up at <a\n                href=\"https:\/\/leadsnsales.fr\">winleadsandgrowsales.fr<\/a> to provide a<br \/>\n        username and email address. Those who engage in transactions with Win Leads and Grow Sales are asked to<br \/>\n        provide additional information, including as necessary the personal and financial information required to<br \/>\n        process those transactions. In each case, Win Leads and Grow Sales collects such information only insofar as<br \/>\n        is necessary or appropriate to fulfill the purpose of the visitor&#8217;s interaction with<br \/>\n\t\tWin Leads and Grow Sales. Win Leads and Grow Sales does not disclose personally-identifying information<br \/>\n        other than as described below. And visitors can always refuse to supply personally-identifying information, with<br \/>\n        the caveat that it may prevent them from engaging in certain website-related activities.<\/p>\n<h3>Aggregated Statistics<\/h3>\n<p>Win Leads and Grow Sales may collect statistics about the behavior of visitors to its<br \/>\n        websites. Win Leads and Grow Sales may display this information publicly or provide it to others.<br \/>\n        However, Win Leads and Grow Sales does not disclose personally-identifying information other than as<br \/>\n        described below.<\/p>\n<h3>Protection of Certain Personally-Identifying Information<\/h3>\n<p>Win Leads and Grow Sales discloses potentially personally-identifying and personally-identifying information<br \/>\n        only to those of its employees, contractors and affiliated organizations that (i) need to know that information<br \/>\n        in order to process it on Win Leads and Grow Sales&#8217;s behalf or to provide services available<br \/>\n        at Win Leads and Grow Sales&#8217;s websites, and (ii) that have agreed not to disclose it to others. Some<br \/>\n        of those employees, contractors and affiliated organizations may be located outside of your home country; by<br \/>\n        using Win Leads and Grow Sales&#8217;s websites, you consent to the transfer of such information to<br \/>\n        them. Win Leads and Grow Sales will not rent or sell potentially personally-identifying and<br \/>\n        personally-identifying information to anyone. Other than to its employees, contractors and affiliated<br \/>\n        organizations, as described above, Win Leads and Grow Sales discloses potentially personally-identifying and<br \/>\n        personally-identifying information only in response to a subpoena, court order or other governmental request, or<br \/>\n        when Win Leads and Grow Sales believes in good faith that disclosure is reasonably necessary to protect the<br \/>\n        property or rights of Win Leads and Grow Sales, third parties or the public at large. If you are a registered<br \/>\n        user of an Win Leads and Grow Sales website and have supplied your email address, Win Leads and Grow Sales        may occasionally send you an email to tell you about new features, solicit your feedback, or just keep you up to<br \/>\n        date with what&#8217;s going on with Win Leads and Grow Sales and our products. If you send us a request (for<br \/>\n        example via email or via one of our feedback mechanisms), we reserve the right to publish it in order to help us<br \/>\n        clarify or respond to your request or to help us support other users. Win Leads and Grow Sales takes all<br \/>\n        measures reasonably necessary to protect against the unauthorized access, use, alteration or destruction of<br \/>\n        potentially personally-identifying and personally-identifying information.<\/p>\n<h3>Cookies<\/h3>\n<p>A cookie is a string of information that a website stores on a visitor&#8217;s computer, and that the visitor&#8217;s browser<br \/>\n        provides to the website each time the visitor returns. Win Leads and Grow Sales uses cookies to<br \/>\n        help Win Leads and Grow Sales identify and track visitors, their usage of Win Leads and Grow Sales        website, and their website access preferences. Win Leads and Grow Sales visitors who do not wish to have<br \/>\n        cookies placed on their computers should set their browsers to refuse cookies before<br \/>\n        using Win Leads and Grow Sales&#8217;s websites, with the drawback that certain features<br \/>\n        of Win Leads and Grow Sales&#8217;s websites may not function properly without the aid of cookies.<\/p>\n<h3>Business Transfers<\/h3>\n<p>If Win Leads and Grow Sales, or substantially all of its assets, were acquired, or in the unlikely event<br \/>\n        that Win Leads and Grow Sales goes out of business or enters bankruptcy, user information would be one of the<br \/>\n        assets that is transferred or acquired by a third party. You acknowledge that such transfers may occur, and that<br \/>\n        any acquirer of Win Leads and Grow Sales may continue to use your personal information as set forth in this<br \/>\n        policy.<\/p>\n<h3>Ads<\/h3>\n<p>Ads appearing on any of our websites may be delivered to users by advertising partners, who may set cookies.<br \/>\n        These cookies allow the ad server to recognize your computer each time they send you an online advertisement to<br \/>\n        compile information about you or others who use your computer. This information allows ad networks to, among<br \/>\n        other things, deliver targeted advertisements that they believe will be of most interest to you. This Privacy<br \/>\n        Policy covers the use of cookies by Win Leads and Grow Sales and does not cover the use of cookies by any<br \/>\n        advertisers.<\/p>\n<h3>Privacy Policy Changes<\/h3>\n<p>Although most changes are likely to be minor, Win Leads and Grow Sales may change<br \/>\n        its Privacy Policy from time to time, and in Win Leads and Grow Sales&#8217;s sole<br \/>\n        discretion. Win Leads and Grow Sales encourages visitors to frequently check this page for any changes to<br \/>\n        its Privacy Policy. If you have a winleadsandgrowsales.fr account, you might also<br \/>\n        receive an alert informing you of these changes. Your continued use of this site after any change in<br \/>\n        this Privacy Policy will constitute your acceptance of such change.<\/p>\n<\/li>\n<\/ul><\/div>\n<div id=\"edd-show-privacy-policy\" class=\"edd-show-terms\">\n\t\t\t\t\t\t\t<a href=\"#\" class=\"edd_terms_links\">Afficher la politique de confidentialit\u00e9<\/a><br \/>\n\t\t\t\t\t\t\t<a href=\"#\" class=\"edd_terms_links\" style=\"display:none;\">Masquer la politique de confidentialit\u00e9<\/a>\n\t\t\t\t\t\t<\/div>\n<div class=\"edd-privacy-policy-agreement\">\n\t\t\t\t<input name=\"edd_agree_to_privacy_policy\" class=\"required\" type=\"checkbox\" id=\"edd-agree-to-privacy-policy\" value=\"1\"\/><br \/>\n\t\t\t\t<label for=\"edd-agree-to-privacy-policy\">Accord de politique de confidentialit\u00e9<\/label>\n\t\t\t<\/div>\n<\/fieldset>\n<p id=\"edd_final_total_wrap\">\n\t<strong>Montant total TTC :<\/strong><br \/>\n\t<span class=\"edd_cart_amount\" data-subtotal=\"19.9\" data-total=\"19.9\">$19.90<\/span>\n<\/p>\n<p>\t\t\t\t<input type=\"hidden\" name=\"edd-user-id\" value=\"4\"\/><br \/>\n\t\t<input type=\"hidden\" name=\"edd_action\" value=\"purchase\"\/><br \/>\n\t<input type=\"hidden\" name=\"edd-gateway\" value=\"paypal\" \/><br \/>\n\t<input type=\"hidden\" id=\"edd-process-checkout-nonce\" name=\"edd-process-checkout-nonce\" value=\"e27852d54f\" \/><br \/>\n\t\t\t<input type=\"submit\" class=\"edd-submit blue button\" id=\"edd-purchase-button\" name=\"edd-purchase\" value=\"Acheter\"\/><\/p>\n<\/fieldset><\/form>\n<\/p><\/div>\n<p><!--end #edd_checkout_form_wrap-->\n\t\t<\/div>\n<p><!--end #edd_checkout_wrap--> <\/div>\n<\/div>\n<\/div>\n<\/div>\n<\/div>\n<\/section>\n","protected":false},"excerpt":{"rendered":"<p>Nom de l\u2019article Prix unitaire Actions Automatisation du Marketing $19.90 Supprimer Total\u00a0\u00a0: $19.90 Informations personnelles Adresse e-mail * Le re\u00e7u d\u2019achat sera envoy\u00e9 \u00e0 cette adresse. Pr\u00e9nom * Nous l\u2019utiliserons pour personnaliser votre compte. Nom Nous l\u2019utiliserons aussi pour personnaliser votre compte. Privacy Policy: Win Leads and Grow Sales company (&#8220;Win Leads and Grow Sales&#8220;) [&hellip;]<\/p>\n","protected":false},"author":1,"featured_media":0,"parent":0,"menu_order":0,"comment_status":"closed","ping_status":"closed","template":"","meta":{"_et_pb_use_builder":"","_et_pb_old_content":"","_et_gb_content_width":"","_uag_custom_page_level_css":"","footnotes":""},"class_list":["post-1837","page","type-page","status-publish","hentry"],"uagb_featured_image_src":{"full":false,"thumbnail":false,"medium":false,"medium_large":false,"large":false,"course_archive_thumbnail":false,"course_single_thumbnail":false,"lesson_archive_thumbnail":false,"lesson_single_thumbnail":false,"1536x1536":false,"2048x2048":false,"et-pb-post-main-image":false,"et-pb-post-main-image-fullwidth":false,"et-pb-portfolio-image":false,"et-pb-portfolio-module-image":false,"et-pb-portfolio-image-single":false,"et-pb-gallery-module-image-portrait":false,"et-pb-post-main-image-fullwidth-large":false,"gform-image-choice-sm":false,"gform-image-choice-md":false,"gform-image-choice-lg":false,"woocommerce_thumbnail":false,"woocommerce_single":false,"woocommerce_gallery_thumbnail":false},"uagb_author_info":{"display_name":"admin","author_link":"https:\/\/leadsnsales.fr\/en\/author\/admin\/"},"uagb_comment_info":0,"uagb_excerpt":"Nom de l\u2019article Prix unitaire Actions Automatisation du Marketing $19.90 Supprimer Total\u00a0\u00a0: $19.90 Informations personnelles Adresse e-mail * Le re\u00e7u d\u2019achat sera envoy\u00e9 \u00e0 cette adresse. Pr\u00e9nom * Nous l\u2019utiliserons pour personnaliser votre compte. Nom Nous l\u2019utiliserons aussi pour personnaliser votre compte. Privacy Policy: Win Leads and Grow Sales company (&#8220;Win Leads and Grow Sales&#8220;)&hellip;","_links":{"self":[{"href":"https:\/\/leadsnsales.fr\/en\/wp-json\/wp\/v2\/pages\/1837","targetHints":{"allow":["GET"]}}],"collection":[{"href":"https:\/\/leadsnsales.fr\/en\/wp-json\/wp\/v2\/pages"}],"about":[{"href":"https:\/\/leadsnsales.fr\/en\/wp-json\/wp\/v2\/types\/page"}],"author":[{"embeddable":true,"href":"https:\/\/leadsnsales.fr\/en\/wp-json\/wp\/v2\/users\/1"}],"replies":[{"embeddable":true,"href":"https:\/\/leadsnsales.fr\/en\/wp-json\/wp\/v2\/comments?post=1837"}],"version-history":[{"count":0,"href":"https:\/\/leadsnsales.fr\/en\/wp-json\/wp\/v2\/pages\/1837\/revisions"}],"wp:attachment":[{"href":"https:\/\/leadsnsales.fr\/en\/wp-json\/wp\/v2\/media?parent=1837"}],"curies":[{"name":"wp","href":"https:\/\/api.w.org\/{rel}","templated":true}]}}